{"id":17,"date":"2023-12-20T12:13:25","date_gmt":"2023-12-20T15:13:25","guid":{"rendered":"https:\/\/www.sti.ufpb.br\/main\/?page_id=17"},"modified":"2023-12-20T12:29:52","modified_gmt":"2023-12-20T15:29:52","slug":"apresentacao","status":"publish","type":"page","link":"https:\/\/www.sti.ufpb.br\/main\/apresentacao\/","title":{"rendered":"Apresenta\u00e7\u00e3o"},"content":{"rendered":"\n<p>A Superintend\u00eancia de Tecnologia da Informa\u00e7\u00e3o (STI) \u00e9 um dos \u00f3rg\u00e3os auxiliares de dire\u00e7\u00e3o superior da Reitoria da Universidade Federal da Para\u00edba. Nosso objetivo \u00e9 prover servi\u00e7os de Tecnologia da Informa\u00e7\u00e3o e Comunica\u00e7\u00e3o (TIC) que apoiem a UFPB no desenvolvimento do ensino, pesquisa, extens\u00e3o, gest\u00e3o acad\u00eamico-administrativa e servi\u00e7os \u00e0 comunidade, de acordo com as diretrizes estrat\u00e9gicas institucionais, com o plano de desenvolvimento institucional, com os planos espec\u00edficos para a \u00e1rea de TIC e com as recomenda\u00e7\u00f5es emanadas pelo Comit\u00ea de Gest\u00e3o e Tecnologia da Informa\u00e7\u00e3o.<\/p>\n\n\n\n<p>&#8212;-<\/p>\n\n\n\n<p>A STI foi institu\u00edda por meio de Resolu\u00e7\u00e3o n\u00ba 40\/2013 do CONSUNI, de 16 de dezembro de 2013, em substitui\u00e7\u00e3o ao N\u00facleo de Tecnologia da Informa\u00e7\u00e3o (NTI). Junto \u00e0 mudan\u00e7a no status organizacional, a STI surgiu com Regimento Interno detalhando suas atribui\u00e7\u00f5es gerais e espec\u00edficas, organograma e responsabilidades de cada \u00e1rea. Historicamente a \u00e1rea de TI institucional tem definido como miss\u00e3o e vis\u00e3o os mesmos objetivos da UFPB. Ou seja, a STI se v\u00ea como um dos instrumentos para alcance da miss\u00e3o institucional.<\/p>\n\n\n\n<p>&#8212;-<\/p>\n\n\n\n<p>Com a nova reforma do pr\u00e9dio da STI,&nbsp; dispor\u00e1 de instala\u00e7\u00f5es f\u00edsicas adequadas para execu\u00e7\u00e3o dos servi\u00e7os oferecidos \u00e0 comunidade acad\u00eamica, contando com:. Servidores t\u00e9cnico-administrativos com forma\u00e7\u00e3o e certifica\u00e7\u00e3o em TI. 1.343 m2 de \u00e1rea constru\u00edda. Dois laborat\u00f3rios para treinamentos, capacita\u00e7\u00f5es e realiza\u00e7\u00e3o de experimentos, com capacidade para 24 pessoas, respectivamente. Um audit\u00f3rio para palestras, semin\u00e1rios e demais eventos, com capacidade para 114 pessoas. Datacenter com capacidade para 43TB de armazenamento de dados, com fornecimento de energia garantido por nobreak e grupo gerador.<\/p>\n","protected":false},"excerpt":{"rendered":"<p>A Superintend\u00eancia de Tecnologia da Informa\u00e7\u00e3o (STI) \u00e9 um dos \u00f3rg\u00e3os auxiliares de dire\u00e7\u00e3o superior da Reitoria da Universidade Federal da Para\u00edba. Nosso objetivo \u00e9 prover servi\u00e7os de Tecnologia da Informa\u00e7\u00e3o e Comunica\u00e7\u00e3o (TIC) que apoiem a UFPB no desenvolvimento do ensino, pesquisa, extens\u00e3o, gest\u00e3o acad\u00eamico-administrativa e servi\u00e7os \u00e0 comunidade, de acordo com as diretrizes [&hellip;]<\/p>\n","protected":false},"author":63,"featured_media":0,"parent":0,"menu_order":0,"comment_status":"closed","ping_status":"closed","template":"","meta":{"_acf_changed":false,"footnotes":""},"class_list":["post-17","page","type-page","status-publish","hentry"],"acf":[],"_links":{"self":[{"href":"https:\/\/www.sti.ufpb.br\/main\/wp-json\/wp\/v2\/pages\/17","targetHints":{"allow":["GET"]}}],"collection":[{"href":"https:\/\/www.sti.ufpb.br\/main\/wp-json\/wp\/v2\/pages"}],"about":[{"href":"https:\/\/www.sti.ufpb.br\/main\/wp-json\/wp\/v2\/types\/page"}],"author":[{"embeddable":true,"href":"https:\/\/www.sti.ufpb.br\/main\/wp-json\/wp\/v2\/users\/63"}],"replies":[{"embeddable":true,"href":"https:\/\/www.sti.ufpb.br\/main\/wp-json\/wp\/v2\/comments?post=17"}],"version-history":[{"count":5,"href":"https:\/\/www.sti.ufpb.br\/main\/wp-json\/wp\/v2\/pages\/17\/revisions"}],"predecessor-version":[{"id":27,"href":"https:\/\/www.sti.ufpb.br\/main\/wp-json\/wp\/v2\/pages\/17\/revisions\/27"}],"wp:attachment":[{"href":"https:\/\/www.sti.ufpb.br\/main\/wp-json\/wp\/v2\/media?parent=17"}],"curies":[{"name":"wp","href":"https:\/\/api.w.org\/{rel}","templated":true}]}}