{"id":61,"date":"2023-12-20T13:43:34","date_gmt":"2023-12-20T16:43:34","guid":{"rendered":"https:\/\/www.sti.ufpb.br\/main\/?page_id=61"},"modified":"2023-12-29T08:52:40","modified_gmt":"2023-12-29T11:52:40","slug":"catalogo-de-servicos","status":"publish","type":"page","link":"https:\/\/www.sti.ufpb.br\/main\/catalogo-de-servicos\/","title":{"rendered":"Cat\u00e1logo de Servi\u00e7os"},"content":{"rendered":"<div id=\"primary\" class=\"content-area\">\n<div id=\"content\" class=\"site-content\" role=\"main\">\n<article id=\"post-46\" class=\"post-46 page type-page status-publish post\">\n<div class=\"entry-main\">\n<header class=\"entry-header\">\n<h3><a href=\"https:\/\/suporte.sti.ufpb.br\/suporte\/unidades\/42\">CAU Central de Atendimento ao Usu\u00e1rio<\/a><\/h3>\n<\/header>\n<div class=\"entry-content\">\n<p>A CAU tem como atribui\u00e7\u00f5es recepcionar todas as solicita\u00e7\u00f5es de servi\u00e7o feitas \u00e0 STI, realizar triagem das solicita\u00e7\u00f5es recebidas, realizar atendimento das solicita\u00e7\u00f5es de servi\u00e7o que possam ser solucionadas diretamente pelo Service desk e direcionar as solicita\u00e7\u00f5es de servi\u00e7o para atendimento pelos indiv\u00edduos\/setores competentes.<\/p>\n<\/div>\n<\/div>\n<\/article>\n<article id=\"post-46\" class=\"post-46 page type-page status-publish post\">\n<div class=\"entry-main\">\n<div class=\"entry-content\">\n<h3><a href=\"https:\/\/suporte.sti.ufpb.br\/suporte\/unidades\/49\">EDW\u00a0Equipe de Desenvolvimento de Websites<\/a><\/h3>\n<p>A Equipe de Desenvolvimento de Websites (EDW) \u00e9 respons\u00e1vel por desenvolver e manter sites para centros, departamentos, coordena\u00e7\u00f5es, laborat\u00f3rios, comit\u00eas, secretarias e ag\u00eancias de toda a Universidade.<\/p>\n<h3><a href=\"https:\/\/suporte.sti.ufpb.br\/suporte\/unidades\/44\">GAD\u00a0Ger\u00eancia de Bases de Dados<\/a><\/h3>\n<p>Tem como atribui\u00e7\u00f5es realizar administra\u00e7\u00e3o de dados dos reposit\u00f3rios de dados integrados institucionais e monitorar e otimizar o desempenho dos bancos de dados.<\/p>\n<\/div>\n<div class=\"entry-content\">\n<h3><a href=\"https:\/\/suporte.sti.ufpb.br\/suporte\/unidades\/43\">GII\u00a0Ger\u00eancia de Intelig\u00eancia Institucional<\/a><\/h3>\n<p>Dentre as suas atribui\u00e7\u00f5es est\u00e1 a recep\u00e7\u00e3o de solicita\u00e7\u00f5es de informa\u00e7\u00f5es para tomada de decis\u00e3o e a implementa\u00e7\u00e3o de relat\u00f3rios para atendimento \u00e0s solicita\u00e7\u00f5es de informa\u00e7\u00e3o, internas e\/ou externas \u00e0 institui\u00e7\u00e3o.<\/p>\n<h3><a href=\"https:\/\/suporte.sti.ufpb.br\/suporte\/unidades\/46\">GIR\u00a0Ger\u00eancia de Infraestrutura de Redes<\/a><\/h3>\n<p>Respons\u00e1vel por monitorar as redes acad\u00eamicas e administrativas de cada campus da UFPB e tamb\u00e9m pela administra\u00e7\u00e3o e manuten\u00e7\u00e3o dos equipamentos de rede da UFPB. Al\u00e9m disso, fornece apoio as unidades organizacionais da UFPB em assuntos relacionados \u00e0 infraestrutura de TI.<\/p>\n<h3><a href=\"https:\/\/suporte.sti.ufpb.br\/suporte\/unidades\/45\">GOR\u00a0Ger\u00eancia de Opera\u00e7\u00e3o de Redes<\/a><\/h3>\n<p>Unidade encarregada da administra\u00e7\u00e3o dos servidores corporativos de correio eletr\u00f4nico, web, banco de dados, de arquivos, backup etc., bem como dos equipamentos do backbone da Rede UFPB. Tamb\u00e9m \u00e9 de sua responsabilidade acompanhar e avaliar continuamente o status dos servi\u00e7os providos pela STI.<\/p>\n<h3><a href=\"https:\/\/suporte.sti.ufpb.br\/suporte\/unidades\/40\">GSEG\u00a0Ger\u00eancia de Seguran\u00e7a da Informa\u00e7\u00e3o<\/a><\/h3>\n<p>\u00c9 respons\u00e1vel por avaliar e implementar estrat\u00e9gias de seguran\u00e7a e de desempenho nos servidores de rede e manter a seguran\u00e7a do sistemas da UFPB.<\/p>\n<h3><a href=\"https:\/\/suporte.sti.ufpb.br\/suporte\/unidades\/39\">GSI\u00a0Ger\u00eancia de Sistemas de Informa\u00e7\u00e3o<\/a><\/h3>\n<p>Respons\u00e1vel pela an\u00e1lise, projeto, desenvolvimento, manuten\u00e7\u00e3o e evolu\u00e7\u00e3o dos sistemas de informa\u00e7\u00e3o (SIGAA, SIPAC, SIGRH, SIGADMIN, SIGELEI\u00c7\u00c3O, SIGEVENTOS, SIGPONTO, Resposit\u00f3rios, etc.) da UFPB.<\/p>\n<h3><a href=\"https:\/\/suporte.sti.ufpb.br\/suporte\/unidades\/48\">NSTI\u00a0Ger\u00eancia dos N\u00facleos Setoriais de TI<\/a><\/h3>\n<p>Respons\u00e1vel por administrar a rede corporativa de computadores dos diversos Campi da UFPB, garantindo a seguran\u00e7a, efici\u00eancia e disponibilidade da Rede nos v\u00e1rios Campi (Reitoria, Bananeiras, Areia e CTDR).<\/p>\n<h3><a href=\"https:\/\/suporte.sti.ufpb.br\/suporte\/unidades\/47\">Secretaria Executiva\u00a0Ger\u00eancia da Secretaria Executiva<\/a><\/h3>\n<p>A Secretaria Executiva \u00e9 respons\u00e1vel pelas atividades de secretariado da dire\u00e7\u00e3o, protocolo, expediente e arquivo; gest\u00e3o de pessoal; controle de conv\u00eanios e contratos; operacionaliza\u00e7\u00e3o das solicita\u00e7\u00f5es de compras; controle patrimonial; controle de estoque interno; manuten\u00e7\u00e3o e seguran\u00e7a das instala\u00e7\u00f5es f\u00edsicas da STI; transporte; e gest\u00e3o da biblioteca-museu.<\/p>\n<\/div>\n<\/div>\n<\/article>\n<\/div>\n<\/div>\n","protected":false},"excerpt":{"rendered":"<p>CAU Central de Atendimento ao Usu\u00e1rio A CAU tem como atribui\u00e7\u00f5es recepcionar todas as solicita\u00e7\u00f5es de servi\u00e7o feitas \u00e0 STI, realizar triagem das solicita\u00e7\u00f5es recebidas, realizar atendimento das solicita\u00e7\u00f5es de servi\u00e7o que possam ser solucionadas diretamente pelo Service desk e direcionar as solicita\u00e7\u00f5es de servi\u00e7o para atendimento pelos indiv\u00edduos\/setores competentes. EDW\u00a0Equipe de Desenvolvimento de Websites [&hellip;]<\/p>\n","protected":false},"author":63,"featured_media":0,"parent":0,"menu_order":0,"comment_status":"closed","ping_status":"closed","template":"","meta":{"_acf_changed":false,"footnotes":""},"class_list":["post-61","page","type-page","status-publish","hentry"],"acf":[],"_links":{"self":[{"href":"https:\/\/www.sti.ufpb.br\/main\/wp-json\/wp\/v2\/pages\/61","targetHints":{"allow":["GET"]}}],"collection":[{"href":"https:\/\/www.sti.ufpb.br\/main\/wp-json\/wp\/v2\/pages"}],"about":[{"href":"https:\/\/www.sti.ufpb.br\/main\/wp-json\/wp\/v2\/types\/page"}],"author":[{"embeddable":true,"href":"https:\/\/www.sti.ufpb.br\/main\/wp-json\/wp\/v2\/users\/63"}],"replies":[{"embeddable":true,"href":"https:\/\/www.sti.ufpb.br\/main\/wp-json\/wp\/v2\/comments?post=61"}],"version-history":[{"count":5,"href":"https:\/\/www.sti.ufpb.br\/main\/wp-json\/wp\/v2\/pages\/61\/revisions"}],"predecessor-version":[{"id":126,"href":"https:\/\/www.sti.ufpb.br\/main\/wp-json\/wp\/v2\/pages\/61\/revisions\/126"}],"wp:attachment":[{"href":"https:\/\/www.sti.ufpb.br\/main\/wp-json\/wp\/v2\/media?parent=61"}],"curies":[{"name":"wp","href":"https:\/\/api.w.org\/{rel}","templated":true}]}}